{"id":1121,"date":"2024-03-25T19:09:12","date_gmt":"2024-03-25T18:09:12","guid":{"rendered":"https:\/\/steenala.de\/wordpress\/?page_id=1121"},"modified":"2024-03-25T19:31:08","modified_gmt":"2024-03-25T18:31:08","slug":"lernhilfe-im-steeler-nachbarschaftsladen","status":"publish","type":"page","link":"https:\/\/steenala.de\/wordpress\/lernhilfe-im-steeler-nachbarschaftsladen\/","title":{"rendered":"Lernhilfe im Steeler Nachbarschaftsladen"},"content":{"rendered":"\n<figure class=\"wp-block-image size-full\"><a href=\"https:\/\/steenala.de\/wordpress\/wp-content\/uploads\/2024\/02\/school_emblem_small.png\"><img decoding=\"async\" src=\"https:\/\/steenala.de\/wordpress\/wp-content\/uploads\/2024\/02\/school_emblem_small.png\" alt=\"\" class=\"wp-image-919\"\/><\/a><\/figure>\n\n\n\n<p>Die Lernhilfe im Steeler Nachbarschaftsladen ist f\u00fcr Kinder von der 2. bis zur 6. Klasse gedacht, deren Eltern<\/p>\n\n\n\n<ul class=\"wp-block-list\">\n<li>sich keine Nachhilfestunden leisten k\u00f6nnen,<\/li>\n\n\n\n<li>nicht berechtigt sind, die Leistungen vom Bildungs- und Teilhabepaket (BuT) zu bekommen.<\/li>\n<\/ul>\n\n\n\n<p>M\u00f6glich sind Hilfestellungen in Mathematik, Deutsch und Englisch. Die Kinder sollen zu selbstst\u00e4ndigem Denken und Lernen angeleitet werden.<br>Damit die Gruppe nicht zu gro\u00df wird, ist eine Anmeldung unter der angegebenen Nummer (0177 2738622) notwendig.<br>Wir suchen zudem noch p\u00e4dagogisch interessierte Erwachsene, im Idealfall auch ausgebildete Kr\u00e4fte, die Lust haben, sich hier zu engagieren. In dem Fall bitte unser Kontaktformular oder auch die angegebene Telefonnummer nutzen. Wir melden uns dann zur\u00fcck.<\/p>\n\n\n\n<p><\/p>\n","protected":false},"excerpt":{"rendered":"<p>Die Lernhilfe im Steeler Nachbarschaftsladen ist f\u00fcr Kinder von der 2. bis zur 6. Klasse gedacht, deren Eltern M\u00f6glich sind Hilfestellungen in [&hellip;]<\/p>\n","protected":false},"author":1,"featured_media":0,"parent":0,"menu_order":0,"comment_status":"closed","ping_status":"closed","template":"","meta":{"pgc_sgb_lightbox_settings":"","footnotes":""},"class_list":["post-1121","page","type-page","status-publish","hentry"],"_links":{"self":[{"href":"https:\/\/steenala.de\/wordpress\/wp-json\/wp\/v2\/pages\/1121","targetHints":{"allow":["GET"]}}],"collection":[{"href":"https:\/\/steenala.de\/wordpress\/wp-json\/wp\/v2\/pages"}],"about":[{"href":"https:\/\/steenala.de\/wordpress\/wp-json\/wp\/v2\/types\/page"}],"author":[{"embeddable":true,"href":"https:\/\/steenala.de\/wordpress\/wp-json\/wp\/v2\/users\/1"}],"replies":[{"embeddable":true,"href":"https:\/\/steenala.de\/wordpress\/wp-json\/wp\/v2\/comments?post=1121"}],"version-history":[{"count":11,"href":"https:\/\/steenala.de\/wordpress\/wp-json\/wp\/v2\/pages\/1121\/revisions"}],"predecessor-version":[{"id":1138,"href":"https:\/\/steenala.de\/wordpress\/wp-json\/wp\/v2\/pages\/1121\/revisions\/1138"}],"wp:attachment":[{"href":"https:\/\/steenala.de\/wordpress\/wp-json\/wp\/v2\/media?parent=1121"}],"curies":[{"name":"wp","href":"https:\/\/api.w.org\/{rel}","templated":true}]}}