{"id":2,"date":"2015-12-22T07:07:04","date_gmt":"2015-12-22T06:07:04","guid":{"rendered":"http:\/\/xdast.abcde.biz\/wordpress\/?page_id=2"},"modified":"2026-02-02T21:07:40","modified_gmt":"2026-02-02T20:07:40","slug":"home","status":"publish","type":"page","link":"https:\/\/steenala.de\/wordpress\/","title":{"rendered":"Willkommen im Steeler Nachbarschaftsladen"},"content":{"rendered":"<p style=\"text-align: center;\"><a href=\"https:\/\/steenala.de\/wordpress\/wp-content\/uploads\/2023\/04\/logo_800px_tranz-1.png\"><img loading=\"lazy\" decoding=\"async\" class=\"alignnone  wp-image-516\" src=\"https:\/\/steenala.de\/wordpress\/wp-content\/uploads\/2023\/04\/logo_800px_tranz-1-300x158.png\" alt=\"\" width=\"342\" height=\"180\" srcset=\"https:\/\/steenala.de\/wordpress\/wp-content\/uploads\/2023\/04\/logo_800px_tranz-1-300x158.png 300w, https:\/\/steenala.de\/wordpress\/wp-content\/uploads\/2023\/04\/logo_800px_tranz-1-768x405.png 768w, https:\/\/steenala.de\/wordpress\/wp-content\/uploads\/2023\/04\/logo_800px_tranz-1-230x121.png 230w, https:\/\/steenala.de\/wordpress\/wp-content\/uploads\/2023\/04\/logo_800px_tranz-1-350x185.png 350w, https:\/\/steenala.de\/wordpress\/wp-content\/uploads\/2023\/04\/logo_800px_tranz-1-480x253.png 480w, https:\/\/steenala.de\/wordpress\/wp-content\/uploads\/2023\/04\/logo_800px_tranz-1.png 800w\" sizes=\"auto, (max-width: 342px) 100vw, 342px\" \/><\/a><\/p>\n<p>Der Steeler Nachbarschaftsladen, ist ein Ort der Begegnung, Kommunikation, Kreativit\u00e4t und gegenseitigen Unterst\u00fctzung. Er steht daher grunds\u00e4tzlich allen Menschen in Steele und aus der Umgebung offen. Seit Februar 2024 befindet sich der Steeler Nachbarschaftsladen unter einem Dach mit dem \u201cTreffpunkt Steele&#8220; der CSE in der <strong>Bochumer Stra\u00dfe 37.<\/strong><br \/>Wir freuen uns, wenn Sie einfach so vorbeikommen. Willkommen hei\u00dfen wir aber auch alle, die sich aktiv am Stadtteilleben beteiligen m\u00f6chten.<br \/>Unser Laden ist als erste Anlaufstelle f\u00fcr alle Menschen in Steele gedacht, die die <a href=\"https:\/\/steenala.de\/wordpress\/events\/\">Angebote des Nachbarschaftsladens<\/a> nutzen bzw. sich selbst in irgendeiner Weise einbringen m\u00f6chten. Bei einer Tasse Kaffee oder Tee und vielleicht einem St\u00fcck Kuchen k\u00f6nnen Sie mit anderen in Kontakt kommen, sich austauschen und sich informieren.<br \/>Gemeinsam machen wir Steele damit noch lebens- und liebenswerter. Wir f\u00fchlen uns in unserem Handeln den Steeler Lebensregeln verpflichtet.<\/p>\n<blockquote>\n<p>Das alles kann geschehen durch<\/p>\n<ul>\n<li>zwangslose Treffen und Kommunikation<\/li>\n<li>kreative, musikalische, k\u00fcnstlerische Aktivit\u00e4ten<\/li>\n<li>Beratung und Vortr\u00e4ge<\/li>\n<li>\u2026 und vieles mehr<\/li>\n<\/ul>\n<\/blockquote>\n\n\n<p class=\"has-vivid-red-color has-text-color\"><\/p>\n\n\n\n<p><\/p>\n\n\n\n<hr class=\"wp-block-separator aligncenter has-alpha-channel-opacity is-style-wide\"\/>\n\n\n\n<p><\/p>\n","protected":false},"excerpt":{"rendered":"<p>Der Steeler Nachbarschaftsladen, ist ein Ort der Begegnung, Kommunikation, Kreativit\u00e4t und gegenseitigen Unterst\u00fctzung. Er steht daher grunds\u00e4tzlich allen Menschen in Steele und [&hellip;]<\/p>\n","protected":false},"author":1,"featured_media":0,"parent":0,"menu_order":0,"comment_status":"closed","ping_status":"closed","template":"","meta":{"pgc_sgb_lightbox_settings":"","footnotes":""},"class_list":["post-2","page","type-page","status-publish","hentry"],"_links":{"self":[{"href":"https:\/\/steenala.de\/wordpress\/wp-json\/wp\/v2\/pages\/2","targetHints":{"allow":["GET"]}}],"collection":[{"href":"https:\/\/steenala.de\/wordpress\/wp-json\/wp\/v2\/pages"}],"about":[{"href":"https:\/\/steenala.de\/wordpress\/wp-json\/wp\/v2\/types\/page"}],"author":[{"embeddable":true,"href":"https:\/\/steenala.de\/wordpress\/wp-json\/wp\/v2\/users\/1"}],"replies":[{"embeddable":true,"href":"https:\/\/steenala.de\/wordpress\/wp-json\/wp\/v2\/comments?post=2"}],"version-history":[{"count":68,"href":"https:\/\/steenala.de\/wordpress\/wp-json\/wp\/v2\/pages\/2\/revisions"}],"predecessor-version":[{"id":4018,"href":"https:\/\/steenala.de\/wordpress\/wp-json\/wp\/v2\/pages\/2\/revisions\/4018"}],"wp:attachment":[{"href":"https:\/\/steenala.de\/wordpress\/wp-json\/wp\/v2\/media?parent=2"}],"curies":[{"name":"wp","href":"https:\/\/api.w.org\/{rel}","templated":true}]}}