{"id":28,"date":"2023-03-23T23:30:00","date_gmt":"2023-03-23T22:30:00","guid":{"rendered":"https:\/\/steenala.de\/wordpress\/?page_id=28"},"modified":"2024-03-03T20:50:21","modified_gmt":"2024-03-03T19:50:21","slug":"rund-ums-buch","status":"publish","type":"page","link":"https:\/\/steenala.de\/wordpress\/angebote\/rund-ums-buch\/","title":{"rendered":"Rund ums Buch"},"content":{"rendered":"\n<figure class=\"wp-block-image size-large\"><a href=\"https:\/\/steenala.de\/wordpress\/wp-content\/uploads\/2024\/03\/IMG_0308.jpg\"><img loading=\"lazy\" decoding=\"async\" width=\"1024\" height=\"768\" src=\"https:\/\/steenala.de\/wordpress\/wp-content\/uploads\/2024\/03\/IMG_0308-1024x768.jpg\" alt=\"\" class=\"wp-image-991\" srcset=\"https:\/\/steenala.de\/wordpress\/wp-content\/uploads\/2024\/03\/IMG_0308-1024x768.jpg 1024w, https:\/\/steenala.de\/wordpress\/wp-content\/uploads\/2024\/03\/IMG_0308-300x225.jpg 300w, https:\/\/steenala.de\/wordpress\/wp-content\/uploads\/2024\/03\/IMG_0308-768x576.jpg 768w, https:\/\/steenala.de\/wordpress\/wp-content\/uploads\/2024\/03\/IMG_0308-1536x1152.jpg 1536w, https:\/\/steenala.de\/wordpress\/wp-content\/uploads\/2024\/03\/IMG_0308-2048x1536.jpg 2048w, https:\/\/steenala.de\/wordpress\/wp-content\/uploads\/2024\/03\/IMG_0308-1000x750.jpg 1000w, https:\/\/steenala.de\/wordpress\/wp-content\/uploads\/2024\/03\/IMG_0308-230x173.jpg 230w, https:\/\/steenala.de\/wordpress\/wp-content\/uploads\/2024\/03\/IMG_0308-350x263.jpg 350w, https:\/\/steenala.de\/wordpress\/wp-content\/uploads\/2024\/03\/IMG_0308-480x360.jpg 480w\" sizes=\"auto, (max-width: 1024px) 100vw, 1024px\" \/><\/a><\/figure>\n\n\n\n<figure class=\"wp-block-pullquote has-luminous-vivid-orange-color has-text-color has-small-font-size\"><blockquote><p>Kl\u00f6nen, Vorlesen, Schm\u00f6kern,<br>B\u00fccher tauschen und ausleihen, Tee trinken, &#8230;<\/p><\/blockquote><\/figure>\n\n\n\n<p>Wir sind f\u00fcnf engagierte Leserinnen und Buchfreundinnen, die im Rahmen des Steeler Nachbarschaftsladens einen offenen B\u00fcchertreff veranstalten.<br>Unser Angebot \u201eRund ums Buch\u201c f\u00fchrt <strong>jeweils am 2. Dienstag im Monat <\/strong>B\u00fccherw\u00fcrmer und Leseratten \u2013 oder Menschen, die dies werden m\u00f6chten \u2013 zusammen. <br>An den B\u00fcchertreffabenden sitzen wir in gem\u00fctlicher Runde im Laden. Die Teilnahme ist kostenlos und es gibt immer diverse Tees und kalte Getr\u00e4nke.<br>Der Steeler Nachbarschaftsladen bietet zudem ein gut sortiertes Regal mit einer vielf\u00e4ltigen Auswahl an interessanten B\u00fcchern, das zum St\u00f6bern einl\u00e4dt. Hier finden sich Romane und Krimis, Kochb\u00fccher und auch Lesestoff f\u00fcr Kinder und Jugendliche. Jede und jeder kann B\u00fccher mitnehmen, lesen, zur\u00fcckbringen, behalten und eigene B\u00fccher weitergeben.<br>Bei unseren Treffen sprechen wir \u00fcber unsere Lieblingsb\u00fccher oder andere B\u00fccher, die uns interessieren. Wir lesen daraus vor und tauschen uns dar\u00fcber aus, was uns das Lesen bedeutet. <br>Die G\u00e4ste k\u00f6nnen mit uns gemeinsam das Thema des Abends bestimmen, ebenso kann man auch einfach nur zum Zuh\u00f6ren vorbeikommen. Manche Abende sind auch Themenabende.<br><strong><em>Neugierig geworden? Dann komm doch\/kommen Sie doch einfach mal vorbei! Wir freuen uns auf dich und Sie.<\/em><\/strong><\/p>\n","protected":false},"excerpt":{"rendered":"<p>Kl\u00f6nen, Vorlesen, Schm\u00f6kern,B\u00fccher tauschen und ausleihen, Tee trinken, &#8230; Wir sind f\u00fcnf engagierte Leserinnen und Buchfreundinnen, die im Rahmen des Steeler Nachbarschaftsladens [&hellip;]<\/p>\n","protected":false},"author":1,"featured_media":0,"parent":22,"menu_order":0,"comment_status":"closed","ping_status":"closed","template":"","meta":{"pgc_sgb_lightbox_settings":"","footnotes":""},"class_list":["post-28","page","type-page","status-publish","hentry"],"_links":{"self":[{"href":"https:\/\/steenala.de\/wordpress\/wp-json\/wp\/v2\/pages\/28","targetHints":{"allow":["GET"]}}],"collection":[{"href":"https:\/\/steenala.de\/wordpress\/wp-json\/wp\/v2\/pages"}],"about":[{"href":"https:\/\/steenala.de\/wordpress\/wp-json\/wp\/v2\/types\/page"}],"author":[{"embeddable":true,"href":"https:\/\/steenala.de\/wordpress\/wp-json\/wp\/v2\/users\/1"}],"replies":[{"embeddable":true,"href":"https:\/\/steenala.de\/wordpress\/wp-json\/wp\/v2\/comments?post=28"}],"version-history":[{"count":22,"href":"https:\/\/steenala.de\/wordpress\/wp-json\/wp\/v2\/pages\/28\/revisions"}],"predecessor-version":[{"id":992,"href":"https:\/\/steenala.de\/wordpress\/wp-json\/wp\/v2\/pages\/28\/revisions\/992"}],"up":[{"embeddable":true,"href":"https:\/\/steenala.de\/wordpress\/wp-json\/wp\/v2\/pages\/22"}],"wp:attachment":[{"href":"https:\/\/steenala.de\/wordpress\/wp-json\/wp\/v2\/media?parent=28"}],"curies":[{"name":"wp","href":"https:\/\/api.w.org\/{rel}","templated":true}]}}