{"id":2967,"date":"2025-08-10T20:48:39","date_gmt":"2025-08-10T18:48:39","guid":{"rendered":"https:\/\/steenala.de\/wordpress\/?page_id=2967"},"modified":"2025-08-10T21:10:05","modified_gmt":"2025-08-10T19:10:05","slug":"steeler-ruhehafen","status":"publish","type":"page","link":"https:\/\/steenala.de\/wordpress\/steeler-ruhehafen\/","title":{"rendered":"Steeler Ruhehafen"},"content":{"rendered":"\n<figure class=\"wp-block-image size-full is-resized\"><a href=\"https:\/\/steenala.de\/wordpress\/wp-content\/uploads\/2025\/02\/ee8451e6-5477-409a-9862-14f78912afd5.jpg\"><img loading=\"lazy\" decoding=\"async\" src=\"https:\/\/steenala.de\/wordpress\/wp-content\/uploads\/2025\/02\/ee8451e6-5477-409a-9862-14f78912afd5.jpg\" alt=\"\" class=\"wp-image-2362\" width=\"583\" height=\"583\" srcset=\"https:\/\/steenala.de\/wordpress\/wp-content\/uploads\/2025\/02\/ee8451e6-5477-409a-9862-14f78912afd5.jpg 715w, https:\/\/steenala.de\/wordpress\/wp-content\/uploads\/2025\/02\/ee8451e6-5477-409a-9862-14f78912afd5-300x300.jpg 300w, https:\/\/steenala.de\/wordpress\/wp-content\/uploads\/2025\/02\/ee8451e6-5477-409a-9862-14f78912afd5-150x150.jpg 150w, https:\/\/steenala.de\/wordpress\/wp-content\/uploads\/2025\/02\/ee8451e6-5477-409a-9862-14f78912afd5-230x230.jpg 230w, https:\/\/steenala.de\/wordpress\/wp-content\/uploads\/2025\/02\/ee8451e6-5477-409a-9862-14f78912afd5-350x350.jpg 350w, https:\/\/steenala.de\/wordpress\/wp-content\/uploads\/2025\/02\/ee8451e6-5477-409a-9862-14f78912afd5-480x480.jpg 480w\" sizes=\"auto, (max-width: 583px) 100vw, 583px\" \/><\/a><\/figure>\n\n\n\n<h2 class=\"wp-block-heading\">Der Steeler Ruhehafen, die unterst\u00fctzende Gemeinschaft f\u00fcr trockene Alkoholiker in Essen-Steele seit 2025<\/h2>\n\n\n\n<p>Gemeinsam &#8222;trocken&#8220; bleiben | Alkoholfrei leben<\/p>\n\n\n\n<h2 class=\"wp-block-heading\"><strong>Was uns wichtig ist:<\/strong><\/h2>\n\n\n\n<ul class=\"wp-block-list\">\n<li><strong>Austausch auf Augenh\u00f6he:<\/strong>\u00a0Keine Vortr\u00e4ge, kein Zeigefinger \u2013 bei uns spricht man offen, ehrlich und respektvoll. Mit Humor, wenn\u2019s passt. Mit Ernst, wenn\u2019s sein muss.<br><\/li>\n\n\n\n<li><strong>Verst\u00e4ndnis statt Urteil:<\/strong>\u00a0Wir kennen die H\u00f6hen und Tiefen, die Zweifel, R\u00fcckschl\u00e4ge und Erfolge. Jeder von uns bringt seine Geschichte mit \u2013 und h\u00f6rt sich auch deine an.<br><\/li>\n\n\n\n<li><strong>St\u00e4rke durch Gemeinschaft:<\/strong>&nbsp;Zusammen geben wir uns Halt und Mut, auch in schwierigen Momenten. Und feiern die kleinen und gro\u00dfen Erfolge \u2013 n\u00fcchtern, aber nicht freudlos!<\/li>\n<\/ul>\n\n\n\n<h4 class=\"wp-block-heading\"><strong><em>Weitere Informationen und Kontaktdaten auf unserer <a href=\"http:\/\/www.steelerruhehafen.de\">Homepage !<\/a><\/em><\/strong><\/h4>\n","protected":false},"excerpt":{"rendered":"<p>Der Steeler Ruhehafen, die unterst\u00fctzende Gemeinschaft f\u00fcr trockene Alkoholiker in Essen-Steele seit 2025 Gemeinsam &#8222;trocken&#8220; bleiben | Alkoholfrei leben Was uns wichtig [&hellip;]<\/p>\n","protected":false},"author":1,"featured_media":0,"parent":0,"menu_order":0,"comment_status":"closed","ping_status":"closed","template":"","meta":{"pgc_sgb_lightbox_settings":"","footnotes":""},"class_list":["post-2967","page","type-page","status-publish","hentry"],"_links":{"self":[{"href":"https:\/\/steenala.de\/wordpress\/wp-json\/wp\/v2\/pages\/2967","targetHints":{"allow":["GET"]}}],"collection":[{"href":"https:\/\/steenala.de\/wordpress\/wp-json\/wp\/v2\/pages"}],"about":[{"href":"https:\/\/steenala.de\/wordpress\/wp-json\/wp\/v2\/types\/page"}],"author":[{"embeddable":true,"href":"https:\/\/steenala.de\/wordpress\/wp-json\/wp\/v2\/users\/1"}],"replies":[{"embeddable":true,"href":"https:\/\/steenala.de\/wordpress\/wp-json\/wp\/v2\/comments?post=2967"}],"version-history":[{"count":7,"href":"https:\/\/steenala.de\/wordpress\/wp-json\/wp\/v2\/pages\/2967\/revisions"}],"predecessor-version":[{"id":2981,"href":"https:\/\/steenala.de\/wordpress\/wp-json\/wp\/v2\/pages\/2967\/revisions\/2981"}],"wp:attachment":[{"href":"https:\/\/steenala.de\/wordpress\/wp-json\/wp\/v2\/media?parent=2967"}],"curies":[{"name":"wp","href":"https:\/\/api.w.org\/{rel}","templated":true}]}}