{"id":36,"date":"2023-03-23T23:34:01","date_gmt":"2023-03-23T22:34:01","guid":{"rendered":"https:\/\/steenala.de\/wordpress\/?page_id=36"},"modified":"2026-03-26T16:38:59","modified_gmt":"2026-03-26T15:38:59","slug":"repair-cafe","status":"publish","type":"page","link":"https:\/\/steenala.de\/wordpress\/angebote\/repair-cafe\/","title":{"rendered":"Repair-Caf\u00e9"},"content":{"rendered":"\n<figure class=\"wp-block-image aligncenter size-full is-resized\"><a href=\"https:\/\/steenala.de\/wordpress\/wp-content\/uploads\/2024\/01\/repaircafe.jpeg\"><img loading=\"lazy\" decoding=\"async\" width=\"720\" height=\"716\" src=\"https:\/\/steenala.de\/wordpress\/wp-content\/uploads\/2024\/01\/repaircafe.jpeg\" alt=\"Repaircafe\" class=\"wp-image-648\" style=\"aspect-ratio:1.0063775510204083;width:528px;height:auto\" srcset=\"https:\/\/steenala.de\/wordpress\/wp-content\/uploads\/2024\/01\/repaircafe.jpeg 720w, https:\/\/steenala.de\/wordpress\/wp-content\/uploads\/2024\/01\/repaircafe-300x298.jpeg 300w, https:\/\/steenala.de\/wordpress\/wp-content\/uploads\/2024\/01\/repaircafe-150x150.jpeg 150w, https:\/\/steenala.de\/wordpress\/wp-content\/uploads\/2024\/01\/repaircafe-230x229.jpeg 230w, https:\/\/steenala.de\/wordpress\/wp-content\/uploads\/2024\/01\/repaircafe-350x348.jpeg 350w, https:\/\/steenala.de\/wordpress\/wp-content\/uploads\/2024\/01\/repaircafe-480x477.jpeg 480w\" sizes=\"auto, (max-width: 720px) 100vw, 720px\" \/><\/a><\/figure>\n\n\n\n<p>Die Kaffeemaschine l\u00e4uft nicht mehr, der Computer spinnt, der Bilderrahmen ist zerbrochen, <br>die Hose gerissen &#8230; Ein Fall f\u00fcr den M\u00fcll?<br>Wir finden nicht! Deshalb wollen wir dir helfen, Defektes zu reparieren. So setzen wir gemeinsam ein Zeichen f\u00fcr Nachhaltigkeit. Vielf\u00e4ltige Kompetenzen treffen in unserem Ehrenamt auf kaputte Dinge.<\/p>\n\n\n\n<p><strong>Wir garantieren:<\/strong><br>Jedes kaputte Teil wird liebevoll behandelt und wir geben uns gro\u00dfe M\u00fche, gemeinsam mit dir alles zu reparieren. Dennoch kann es sein, dass wir Dingen keine zweite Chance geben k\u00f6nnen. Wir k\u00f6nnen keine Haftung oder Gew\u00e4hrleistung \u00fcbernehmen.<\/p>\n\n\n\n<p>Bei welchen Reparaturen k\u00f6nnen wir dir helfen?<br>Grunds\u00e4tzlich bei Reparaturen von Dingen, die man alleine leicht tragen kann.<\/p>\n\n\n\n<p>Zum Beispiel:<\/p>\n\n\n\n<ul class=\"wp-block-list\">\n<li>kleinere Elektroger\u00e4te (z. B. F\u00f6n, Akkuschrauber, Staubsauger etc.)<\/li>\n\n\n\n<li>Computer (Hardware und Software)<\/li>\n\n\n\n<li>Holziges (z. B. ein wackeliger Stuhl, ein kaputter Bilderrahmen, Kleinm\u00f6bel) *<\/li>\n\n\n\n<li>Kleidung (z. B. kaputte Socken, defekte Rei\u00dfverschl\u00fcsse, fehlende Kn\u00f6pfe etc.) *<\/li>\n\n\n\n<li>Geschirr (z. B. kaputte Tassen, Vasen, Keramik etc.)<\/li>\n\n\n\n<li>Schmuck und Feinmechanik<\/li>\n\n\n\n<li>Spielzeug<\/li>\n<\/ul>\n\n\n\n<p>* Bei diesen Dingen bitte vorher per E-Mail (repaircafe@steenala.de) mit einer Beschreibung, einem Foto melden und angeben, zu welchem Termin du kommen m\u00f6chtest.<\/p>\n\n\n\n<p><strong><em><a href=\"https:\/\/www.youtube.com\/watch?v=BEhLVLvTPSk\">=> Steele TV stellt unser Repair-Caf\u00e8 vor<\/a><\/em><\/strong> <\/p>\n\n\n\n<p><strong>Termine:<\/strong><br>Wir treffen uns an jedem 1. Sonntag im Monat von 15:00 bis 18:00 Uhr.<\/p>\n\n\n\n<p><\/p>\n","protected":false},"excerpt":{"rendered":"<p>Die Kaffeemaschine l\u00e4uft nicht mehr, der Computer spinnt, der Bilderrahmen ist zerbrochen, die Hose gerissen &#8230; Ein Fall f\u00fcr den M\u00fcll?Wir finden [&hellip;]<\/p>\n","protected":false},"author":1,"featured_media":0,"parent":22,"menu_order":0,"comment_status":"closed","ping_status":"closed","template":"","meta":{"pgc_sgb_lightbox_settings":"","footnotes":""},"class_list":["post-36","page","type-page","status-publish","hentry"],"_links":{"self":[{"href":"https:\/\/steenala.de\/wordpress\/wp-json\/wp\/v2\/pages\/36","targetHints":{"allow":["GET"]}}],"collection":[{"href":"https:\/\/steenala.de\/wordpress\/wp-json\/wp\/v2\/pages"}],"about":[{"href":"https:\/\/steenala.de\/wordpress\/wp-json\/wp\/v2\/types\/page"}],"author":[{"embeddable":true,"href":"https:\/\/steenala.de\/wordpress\/wp-json\/wp\/v2\/users\/1"}],"replies":[{"embeddable":true,"href":"https:\/\/steenala.de\/wordpress\/wp-json\/wp\/v2\/comments?post=36"}],"version-history":[{"count":30,"href":"https:\/\/steenala.de\/wordpress\/wp-json\/wp\/v2\/pages\/36\/revisions"}],"predecessor-version":[{"id":4185,"href":"https:\/\/steenala.de\/wordpress\/wp-json\/wp\/v2\/pages\/36\/revisions\/4185"}],"up":[{"embeddable":true,"href":"https:\/\/steenala.de\/wordpress\/wp-json\/wp\/v2\/pages\/22"}],"wp:attachment":[{"href":"https:\/\/steenala.de\/wordpress\/wp-json\/wp\/v2\/media?parent=36"}],"curies":[{"name":"wp","href":"https:\/\/api.w.org\/{rel}","templated":true}]}}