{"id":491,"date":"2023-04-18T17:37:59","date_gmt":"2023-04-18T15:37:59","guid":{"rendered":"https:\/\/steenala.de\/wordpress\/?page_id=491"},"modified":"2025-03-07T19:19:37","modified_gmt":"2025-03-07T18:19:37","slug":"offenes-cafe","status":"publish","type":"page","link":"https:\/\/steenala.de\/wordpress\/offenes-cafe\/","title":{"rendered":"Offenes Caf\u00e9"},"content":{"rendered":"\n<figure class=\"wp-block-image size-large is-resized is-style-default\"><a href=\"https:\/\/steenala.de\/wordpress\/wp-content\/uploads\/2024\/07\/IMG_0397-scaled-e1721937385111.jpg\"><img loading=\"lazy\" decoding=\"async\" src=\"https:\/\/steenala.de\/wordpress\/wp-content\/uploads\/2024\/07\/IMG_0397-scaled-e1721937385111-1024x961.jpg\" alt=\"\" class=\"wp-image-1581\" width=\"446\" height=\"419\" srcset=\"https:\/\/steenala.de\/wordpress\/wp-content\/uploads\/2024\/07\/IMG_0397-scaled-e1721937385111-1024x961.jpg 1024w, https:\/\/steenala.de\/wordpress\/wp-content\/uploads\/2024\/07\/IMG_0397-scaled-e1721937385111-300x281.jpg 300w, https:\/\/steenala.de\/wordpress\/wp-content\/uploads\/2024\/07\/IMG_0397-scaled-e1721937385111-768x720.jpg 768w, https:\/\/steenala.de\/wordpress\/wp-content\/uploads\/2024\/07\/IMG_0397-scaled-e1721937385111-1536x1441.jpg 1536w, https:\/\/steenala.de\/wordpress\/wp-content\/uploads\/2024\/07\/IMG_0397-scaled-e1721937385111-1000x938.jpg 1000w, https:\/\/steenala.de\/wordpress\/wp-content\/uploads\/2024\/07\/IMG_0397-scaled-e1721937385111-230x216.jpg 230w, https:\/\/steenala.de\/wordpress\/wp-content\/uploads\/2024\/07\/IMG_0397-scaled-e1721937385111-350x328.jpg 350w, https:\/\/steenala.de\/wordpress\/wp-content\/uploads\/2024\/07\/IMG_0397-scaled-e1721937385111-480x450.jpg 480w, https:\/\/steenala.de\/wordpress\/wp-content\/uploads\/2024\/07\/IMG_0397-scaled-e1721937385111.jpg 1971w\" sizes=\"auto, (max-width: 446px) 100vw, 446px\" \/><\/a><\/figure>\n\n\n\n<p class=\"has-text-align-left has-medium-font-size\">Ein Treffpunkt f\u00fcr alle Menschen aus Steele und Umgebung.<br><br>Bei einer Tasse Kaffee oder Tee und Geb\u00e4ck ist vieles m\u00f6glich:<\/p>\n\n\n\n<ul class=\"wp-block-list\">\n<li>neue Menschen kennenlernen<\/li>\n\n\n\n<li>ins Gespr\u00e4ch kommen<\/li>\n\n\n\n<li>Erfahrungen teilen<\/li>\n\n\n\n<li>Unterst\u00fctzung finden und anbieten<\/li>\n\n\n\n<li>von Hobbys und Interessen erz\u00e4hlen<\/li>\n\n\n\n<li>neue Aktivit\u00e4ten im Steeler Nachbarschaftsladen starten<\/li>\n\n\n\n<li>Gesellschaftsspiele spielen<\/li>\n\n\n\n<li>die begleitenden Angebote des offenen Nachmittags wie das Repair-Caf\u00e9, den Kleidertausch und die Bastelangebote f\u00fcr Kinder nutzen<\/li>\n<\/ul>\n","protected":false},"excerpt":{"rendered":"<p>Ein Treffpunkt f\u00fcr alle Menschen aus Steele und Umgebung. Bei einer Tasse Kaffee oder Tee und Geb\u00e4ck ist vieles m\u00f6glich:<\/p>\n","protected":false},"author":1,"featured_media":0,"parent":0,"menu_order":0,"comment_status":"closed","ping_status":"closed","template":"","meta":{"pgc_sgb_lightbox_settings":"","footnotes":""},"class_list":["post-491","page","type-page","status-publish","hentry"],"_links":{"self":[{"href":"https:\/\/steenala.de\/wordpress\/wp-json\/wp\/v2\/pages\/491","targetHints":{"allow":["GET"]}}],"collection":[{"href":"https:\/\/steenala.de\/wordpress\/wp-json\/wp\/v2\/pages"}],"about":[{"href":"https:\/\/steenala.de\/wordpress\/wp-json\/wp\/v2\/types\/page"}],"author":[{"embeddable":true,"href":"https:\/\/steenala.de\/wordpress\/wp-json\/wp\/v2\/users\/1"}],"replies":[{"embeddable":true,"href":"https:\/\/steenala.de\/wordpress\/wp-json\/wp\/v2\/comments?post=491"}],"version-history":[{"count":9,"href":"https:\/\/steenala.de\/wordpress\/wp-json\/wp\/v2\/pages\/491\/revisions"}],"predecessor-version":[{"id":2381,"href":"https:\/\/steenala.de\/wordpress\/wp-json\/wp\/v2\/pages\/491\/revisions\/2381"}],"wp:attachment":[{"href":"https:\/\/steenala.de\/wordpress\/wp-json\/wp\/v2\/media?parent=491"}],"curies":[{"name":"wp","href":"https:\/\/api.w.org\/{rel}","templated":true}]}}