{"id":719,"date":"2024-02-06T22:04:53","date_gmt":"2024-02-06T21:04:53","guid":{"rendered":"https:\/\/steenala.de\/wordpress\/?page_id=719"},"modified":"2024-10-01T21:57:36","modified_gmt":"2024-10-01T19:57:36","slug":"mitmachen","status":"publish","type":"page","link":"https:\/\/steenala.de\/wordpress\/mitmachen\/","title":{"rendered":"Mitmachen"},"content":{"rendered":"\n<figure class=\"wp-block-image size-full is-resized\"><a href=\"https:\/\/steenala.de\/wordpress\/wp-content\/uploads\/2023\/04\/logo_800px_tranz.png\"><img loading=\"lazy\" decoding=\"async\" src=\"https:\/\/steenala.de\/wordpress\/wp-content\/uploads\/2023\/04\/logo_800px_tranz.png\" alt=\"\" class=\"wp-image-515\" width=\"453\" height=\"238\" srcset=\"https:\/\/steenala.de\/wordpress\/wp-content\/uploads\/2023\/04\/logo_800px_tranz.png 800w, https:\/\/steenala.de\/wordpress\/wp-content\/uploads\/2023\/04\/logo_800px_tranz-300x158.png 300w, https:\/\/steenala.de\/wordpress\/wp-content\/uploads\/2023\/04\/logo_800px_tranz-768x405.png 768w, https:\/\/steenala.de\/wordpress\/wp-content\/uploads\/2023\/04\/logo_800px_tranz-230x121.png 230w, https:\/\/steenala.de\/wordpress\/wp-content\/uploads\/2023\/04\/logo_800px_tranz-350x185.png 350w, https:\/\/steenala.de\/wordpress\/wp-content\/uploads\/2023\/04\/logo_800px_tranz-480x253.png 480w\" sizes=\"auto, (max-width: 453px) 100vw, 453px\" \/><\/a><\/figure>\n\n\n\n<p>Der Steeler Nachbarschaftsladen ist ein Verein zum Mitmachen. Wenn dir gef\u00e4llt, was wir machen, komm einfach vorbei. Unser vielf\u00e4ltiges Angebot findest du <a href=\"https:\/\/steenala.de\/wordpress\/angebote\/\" data-type=\"page\" data-id=\"22\">hier<\/a>. Wenn du dich beim Nachbarschaftsladen einbringen m\u00f6chtest, Fragen, Anregungen oder eine Idee f\u00fcr ein neues Angebot hast, dann &#8230;<\/p>\n\n\n\n<p><strong>&#8230; schreibe uns eine Nachricht<\/strong><\/p>\n\n\n\n<p> Feedback und konstruktive Kritik sind immer willkommen. Unser Kontaktformular findest du <a href=\"https:\/\/steenala.de\/wordpress\/kontakt\/\" data-type=\"page\" data-id=\"24\">hier<\/a>.<\/p>\n\n\n\n<p><strong>&#8230; werde Mitglied<\/strong><\/p>\n\n\n\n<p>Wir freuen uns immer \u00fcber neue Mitglieder, die sich engagieren m\u00f6chten. Wenn du Teil unseres Vereins werden m\u00f6chtest, schreibe uns einfach eine kurze <a href=\"https:\/\/steenala.de\/wordpress\/kontakt\/\" data-type=\"page\" data-id=\"24\">Nachricht<\/a>. Wir lassen dir dann weitere Informationen zukommen.<\/p>\n\n\n\n<p><strong>&#8230; spende ein paar Euro<\/strong><\/p>\n\n\n\n<p>Wie alle gemeinn\u00fctzigen Vereine sind wir auf Spenden angewiesen. Nur so sind wir in der Lage, unsere Angebote auch weiterhin kostenlos anzubieten. Wenn du gut findest, was wir machen, und ein paar Euro entbehren kannst, hier ist unser Spendenkonto:<\/p>\n\n\n\n<p><strong>GLS BANK<\/strong> | <strong>IBAN:<\/strong>  DE11 4306 0967 1266 6790 00<\/p>\n\n\n\n<p>Oder unterst\u00fctze unseren Verein dauerhaft als zahlendes Mitglied. Der Monatsbeitrag betr\u00e4gt (mindestens) 5,00 Euro.<br>Den Antrag findest du <a href=\"https:\/\/steenala.de\/wordpress\/wp-content\/uploads\/2024\/02\/Aufnahmeantrag_ohne_logo.pdf\">hier<\/a>.<\/p>\n\n\n\n<hr class=\"wp-block-separator has-alpha-channel-opacity\"\/>\n\n\n\n<p><a href=\"https:\/\/steenala.de\/wordpress\/wp-content\/uploads\/2023\/03\/Konzept_Nachbarschaftsladen.pdf\" target=\"_blank\" rel=\"noreferrer noopener\">Unser Konzept<\/a><\/p>\n\n\n\n<p><a href=\"https:\/\/steenala.de\/wordpress\/wp-content\/uploads\/2024\/02\/Satzung.pdf\" target=\"_blank\" rel=\"noreferrer noopener\">Unsere Satzung<\/a><\/p>\n\n\n\n<p><\/p>\n","protected":false},"excerpt":{"rendered":"<p>Der Steeler Nachbarschaftsladen ist ein Verein zum Mitmachen. Wenn dir gef\u00e4llt, was wir machen, komm einfach vorbei. Unser vielf\u00e4ltiges Angebot findest du [&hellip;]<\/p>\n","protected":false},"author":6,"featured_media":0,"parent":0,"menu_order":0,"comment_status":"closed","ping_status":"closed","template":"","meta":{"pgc_sgb_lightbox_settings":"","footnotes":""},"class_list":["post-719","page","type-page","status-publish","hentry"],"_links":{"self":[{"href":"https:\/\/steenala.de\/wordpress\/wp-json\/wp\/v2\/pages\/719","targetHints":{"allow":["GET"]}}],"collection":[{"href":"https:\/\/steenala.de\/wordpress\/wp-json\/wp\/v2\/pages"}],"about":[{"href":"https:\/\/steenala.de\/wordpress\/wp-json\/wp\/v2\/types\/page"}],"author":[{"embeddable":true,"href":"https:\/\/steenala.de\/wordpress\/wp-json\/wp\/v2\/users\/6"}],"replies":[{"embeddable":true,"href":"https:\/\/steenala.de\/wordpress\/wp-json\/wp\/v2\/comments?post=719"}],"version-history":[{"count":26,"href":"https:\/\/steenala.de\/wordpress\/wp-json\/wp\/v2\/pages\/719\/revisions"}],"predecessor-version":[{"id":1836,"href":"https:\/\/steenala.de\/wordpress\/wp-json\/wp\/v2\/pages\/719\/revisions\/1836"}],"wp:attachment":[{"href":"https:\/\/steenala.de\/wordpress\/wp-json\/wp\/v2\/media?parent=719"}],"curies":[{"name":"wp","href":"https:\/\/api.w.org\/{rel}","templated":true}]}}