{"id":98,"date":"2023-03-26T16:32:21","date_gmt":"2023-03-26T14:32:21","guid":{"rendered":"https:\/\/steenala.de\/wordpress\/?page_id=98"},"modified":"2024-02-12T22:57:28","modified_gmt":"2024-02-12T21:57:28","slug":"kleidertausch","status":"publish","type":"page","link":"https:\/\/steenala.de\/wordpress\/kleidertausch\/","title":{"rendered":"Kleidertausch"},"content":{"rendered":"\n<div class=\"wp-block-media-text is-stacked-on-mobile\" style=\"grid-template-columns:54% auto\"><figure class=\"wp-block-media-text__media\"><img loading=\"lazy\" decoding=\"async\" width=\"1024\" height=\"768\" src=\"https:\/\/steenala.de\/wordpress\/wp-content\/uploads\/2023\/03\/klamotte_web_filter_kleiner-1024x768.jpg\" alt=\"\" class=\"wp-image-93 size-full\" srcset=\"https:\/\/steenala.de\/wordpress\/wp-content\/uploads\/2023\/03\/klamotte_web_filter_kleiner-1024x768.jpg 1024w, https:\/\/steenala.de\/wordpress\/wp-content\/uploads\/2023\/03\/klamotte_web_filter_kleiner-300x225.jpg 300w, https:\/\/steenala.de\/wordpress\/wp-content\/uploads\/2023\/03\/klamotte_web_filter_kleiner-768x576.jpg 768w, https:\/\/steenala.de\/wordpress\/wp-content\/uploads\/2023\/03\/klamotte_web_filter_kleiner-1536x1152.jpg 1536w, https:\/\/steenala.de\/wordpress\/wp-content\/uploads\/2023\/03\/klamotte_web_filter_kleiner-1000x750.jpg 1000w, https:\/\/steenala.de\/wordpress\/wp-content\/uploads\/2023\/03\/klamotte_web_filter_kleiner-230x173.jpg 230w, https:\/\/steenala.de\/wordpress\/wp-content\/uploads\/2023\/03\/klamotte_web_filter_kleiner-350x263.jpg 350w, https:\/\/steenala.de\/wordpress\/wp-content\/uploads\/2023\/03\/klamotte_web_filter_kleiner-480x360.jpg 480w, https:\/\/steenala.de\/wordpress\/wp-content\/uploads\/2023\/03\/klamotte_web_filter_kleiner.jpg 1672w\" sizes=\"auto, (max-width: 1024px) 100vw, 1024px\" \/><\/figure><div class=\"wp-block-media-text__content\">\n<p><\/p>\n<\/div><\/div>\n\n\n\n<p>Nichts Passendes mehr im Schrank? Kein Geld im Portemonnaie? Es m\u00fcssen nicht immer neue Kleider sein. Bringe gut erhaltene gebrauchte Kleidung f\u00fcr Kinder und Erwachsene mit und suche dir im Tausch neue aus. Oder finde neue Outfits f\u00fcr dich beim \u201eKleidertausch\u201c gegen eine Spende f\u00fcr den Steeler Nachbarschaftsladen. Lerne neue Menschen kennen und tausche dich bei einer Tasse Tee oder Kaffee und einem St\u00fcck Kuchen mit anderen aus.<\/p>\n","protected":false},"excerpt":{"rendered":"<p>Nichts Passendes mehr im Schrank? Kein Geld im Portemonnaie? Es m\u00fcssen nicht immer neue Kleider sein. Bringe gut erhaltene gebrauchte Kleidung f\u00fcr [&hellip;]<\/p>\n","protected":false},"author":1,"featured_media":0,"parent":0,"menu_order":0,"comment_status":"closed","ping_status":"closed","template":"","meta":{"pgc_sgb_lightbox_settings":"","footnotes":""},"class_list":["post-98","page","type-page","status-publish","hentry"],"_links":{"self":[{"href":"https:\/\/steenala.de\/wordpress\/wp-json\/wp\/v2\/pages\/98","targetHints":{"allow":["GET"]}}],"collection":[{"href":"https:\/\/steenala.de\/wordpress\/wp-json\/wp\/v2\/pages"}],"about":[{"href":"https:\/\/steenala.de\/wordpress\/wp-json\/wp\/v2\/types\/page"}],"author":[{"embeddable":true,"href":"https:\/\/steenala.de\/wordpress\/wp-json\/wp\/v2\/users\/1"}],"replies":[{"embeddable":true,"href":"https:\/\/steenala.de\/wordpress\/wp-json\/wp\/v2\/comments?post=98"}],"version-history":[{"count":8,"href":"https:\/\/steenala.de\/wordpress\/wp-json\/wp\/v2\/pages\/98\/revisions"}],"predecessor-version":[{"id":3749,"href":"https:\/\/steenala.de\/wordpress\/wp-json\/wp\/v2\/pages\/98\/revisions\/3749"}],"wp:attachment":[{"href":"https:\/\/steenala.de\/wordpress\/wp-json\/wp\/v2\/media?parent=98"}],"curies":[{"name":"wp","href":"https:\/\/api.w.org\/{rel}","templated":true}]}}