{"id":995,"date":"2024-03-05T20:36:36","date_gmt":"2024-03-05T19:36:36","guid":{"rendered":"https:\/\/steenala.de\/wordpress\/?page_id=995"},"modified":"2024-03-05T20:50:29","modified_gmt":"2024-03-05T19:50:29","slug":"entspannung-mit-klangschalen","status":"publish","type":"page","link":"https:\/\/steenala.de\/wordpress\/entspannung-mit-klangschalen\/","title":{"rendered":"Entspannung mit Klangschalen"},"content":{"rendered":"\n<figure class=\"wp-block-image size-full\"><a href=\"https:\/\/steenala.de\/wordpress\/wp-content\/uploads\/2024\/03\/Klangschalen_600x800.jpg\"><img loading=\"lazy\" decoding=\"async\" width=\"600\" height=\"800\" src=\"https:\/\/steenala.de\/wordpress\/wp-content\/uploads\/2024\/03\/Klangschalen_600x800.jpg\" alt=\"\" class=\"wp-image-997\" srcset=\"https:\/\/steenala.de\/wordpress\/wp-content\/uploads\/2024\/03\/Klangschalen_600x800.jpg 600w, https:\/\/steenala.de\/wordpress\/wp-content\/uploads\/2024\/03\/Klangschalen_600x800-225x300.jpg 225w, https:\/\/steenala.de\/wordpress\/wp-content\/uploads\/2024\/03\/Klangschalen_600x800-230x307.jpg 230w, https:\/\/steenala.de\/wordpress\/wp-content\/uploads\/2024\/03\/Klangschalen_600x800-350x467.jpg 350w, https:\/\/steenala.de\/wordpress\/wp-content\/uploads\/2024\/03\/Klangschalen_600x800-480x640.jpg 480w\" sizes=\"auto, (max-width: 600px) 100vw, 600px\" \/><\/a><\/figure>\n\n\n\n<p>Sanfte T\u00f6ne entspannen<\/p>\n\n\n\n<p>Der Ton vieler Klangschalen schwingt auf einer Frequenz, die im Hirn auch gemessen wird, wenn wir entspannt sind.<br>Die Klangwellen wirken beruhigend und k\u00f6nnen Verspannungen im K\u00f6rper l\u00f6sen.<\/p>\n","protected":false},"excerpt":{"rendered":"<p>Sanfte T\u00f6ne entspannen Der Ton vieler Klangschalen schwingt auf einer Frequenz, die im Hirn auch gemessen wird, wenn wir entspannt sind.Die Klangwellen [&hellip;]<\/p>\n","protected":false},"author":1,"featured_media":0,"parent":0,"menu_order":0,"comment_status":"closed","ping_status":"closed","template":"","meta":{"pgc_sgb_lightbox_settings":"","footnotes":""},"class_list":["post-995","page","type-page","status-publish","hentry"],"_links":{"self":[{"href":"https:\/\/steenala.de\/wordpress\/wp-json\/wp\/v2\/pages\/995","targetHints":{"allow":["GET"]}}],"collection":[{"href":"https:\/\/steenala.de\/wordpress\/wp-json\/wp\/v2\/pages"}],"about":[{"href":"https:\/\/steenala.de\/wordpress\/wp-json\/wp\/v2\/types\/page"}],"author":[{"embeddable":true,"href":"https:\/\/steenala.de\/wordpress\/wp-json\/wp\/v2\/users\/1"}],"replies":[{"embeddable":true,"href":"https:\/\/steenala.de\/wordpress\/wp-json\/wp\/v2\/comments?post=995"}],"version-history":[{"count":3,"href":"https:\/\/steenala.de\/wordpress\/wp-json\/wp\/v2\/pages\/995\/revisions"}],"predecessor-version":[{"id":1000,"href":"https:\/\/steenala.de\/wordpress\/wp-json\/wp\/v2\/pages\/995\/revisions\/1000"}],"wp:attachment":[{"href":"https:\/\/steenala.de\/wordpress\/wp-json\/wp\/v2\/media?parent=995"}],"curies":[{"name":"wp","href":"https:\/\/api.w.org\/{rel}","templated":true}]}}